{"id":7,"date":"2016-12-28T18:02:07","date_gmt":"2016-12-28T18:02:07","guid":{"rendered":"http:\/\/mitsubishi-motors.com.co\/blog\/?page_id=7"},"modified":"2021-11-19T11:42:56","modified_gmt":"2021-11-19T16:42:56","slug":"inicio","status":"publish","type":"page","link":"https:\/\/mitsubishi-motors.com.co\/blog\/","title":{"rendered":"Inicio"},"content":{"rendered":"<p>Informaci\u00f3n sobre nuestras camionetas, tips para cuidar el auto, playlists, recetas, planes, estilo de vida y m\u00e1s tem\u00e1ticas de inter\u00e9s para explorar.<\/p>\n","protected":false},"excerpt":{"rendered":"<p>Informaci\u00f3n sobre nuestras camionetas, tips para cuidar el auto, playlists, recetas, planes, estilo de vida y m\u00e1s tem\u00e1ticas de inter\u00e9s para explorar.<\/p>\n","protected":false},"author":1,"featured_media":0,"parent":0,"menu_order":0,"comment_status":"closed","ping_status":"closed","template":"","meta":{"footnotes":""},"class_list":["post-7","page","type-page","status-publish","hentry"],"yoast_head":"<!-- This site is optimized with the Yoast SEO plugin v23.4 - https:\/\/yoast.com\/wordpress\/plugins\/seo\/ -->\n<title>Mitsubishi Motors | Blog | Art\u00edculos de Inter\u00e9s<\/title>\n<meta name=\"description\" content=\"Informaci\u00f3n sobre nuestras camionetas, tips para cuidar el auto, playlists, recetas, planes, estilo de vida y m\u00e1s tem\u00e1ticas de inter\u00e9s.\" \/>\n<meta name=\"robots\" content=\"index, follow, max-snippet:-1, max-image-preview:large, max-video-preview:-1\" \/>\n<link rel=\"canonical\" href=\"https:\/\/mitsubishi-motors.com.co\/blog\/\" \/>\n<meta property=\"og:locale\" content=\"es_ES\" \/>\n<meta property=\"og:type\" content=\"article\" \/>\n<meta property=\"og:title\" content=\"Mitsubishi Motors | Blog | Art\u00edculos de Inter\u00e9s\" \/>\n<meta property=\"og:description\" content=\"Informaci\u00f3n sobre nuestras camionetas, tips para cuidar el auto, playlists, recetas, planes, estilo de vida y m\u00e1s tem\u00e1ticas de inter\u00e9s.\" \/>\n<meta property=\"og:url\" content=\"https:\/\/mitsubishi-motors.com.co\/blog\/\" \/>\n<meta property=\"og:site_name\" content=\"Mitsubishi Motors | Blog\" \/>\n<meta property=\"article:publisher\" content=\"https:\/\/www.facebook.com\/MitsubishiMotorsColombia\/\" \/>\n<meta property=\"article:modified_time\" content=\"2021-11-19T16:42:56+00:00\" \/>\n<meta property=\"og:image\" content=\"https:\/\/mitsubishi-motors.com.co\/blog\/wp-content\/uploads\/2021\/11\/logo-Mitsubishi.png\" \/>\n\t<meta property=\"og:image:width\" content=\"1900\" \/>\n\t<meta property=\"og:image:height\" content=\"1300\" \/>\n\t<meta property=\"og:image:type\" content=\"image\/png\" \/>\n<meta name=\"twitter:card\" content=\"summary_large_image\" \/>\n<meta name=\"twitter:title\" content=\"Mitsubishi Motors | Blog | Art\u00edculos de Inter\u00e9s\" \/>\n<meta name=\"twitter:description\" content=\"Informaci\u00f3n sobre nuestras camionetas, tips para cuidar el auto, playlists, recetas, planes, estilo de vida y m\u00e1s tem\u00e1ticas de inter\u00e9s.\" \/>\n<meta name=\"twitter:image\" content=\"https:\/\/mitsubishi-motors.com.co\/blog\/wp-content\/uploads\/2021\/11\/logo-Mitsubishi.png\" \/>\n<meta name=\"twitter:site\" content=\"@Mitsubishi_Col\" \/>\n<meta name=\"twitter:label1\" content=\"Tiempo de lectura\" \/>\n\t<meta name=\"twitter:data1\" content=\"1 minuto\" \/>\n<script type=\"application\/ld+json\" class=\"yoast-schema-graph\">{\"@context\":\"https:\/\/schema.org\",\"@graph\":[{\"@type\":\"WebPage\",\"@id\":\"https:\/\/mitsubishi-motors.com.co\/blog\/\",\"url\":\"https:\/\/mitsubishi-motors.com.co\/blog\/\",\"name\":\"Mitsubishi Motors | Blog | Art\u00edculos de Inter\u00e9s\",\"isPartOf\":{\"@id\":\"https:\/\/mitsubishi-motors.com.co\/blog\/#website\"},\"datePublished\":\"2016-12-28T18:02:07+00:00\",\"dateModified\":\"2021-11-19T16:42:56+00:00\",\"description\":\"Informaci\u00f3n sobre nuestras camionetas, tips para cuidar el auto, playlists, recetas, planes, estilo de vida y m\u00e1s tem\u00e1ticas de inter\u00e9s.\",\"breadcrumb\":{\"@id\":\"https:\/\/mitsubishi-motors.com.co\/blog\/#breadcrumb\"},\"inLanguage\":\"es-CO\",\"potentialAction\":[{\"@type\":\"ReadAction\",\"target\":[\"https:\/\/mitsubishi-motors.com.co\/blog\/\"]}]},{\"@type\":\"BreadcrumbList\",\"@id\":\"https:\/\/mitsubishi-motors.com.co\/blog\/#breadcrumb\",\"itemListElement\":[{\"@type\":\"ListItem\",\"position\":1,\"name\":\"Inicio\",\"item\":\"https:\/\/mitsubishi-motors.com.co\/blog\/\"},{\"@type\":\"ListItem\",\"position\":2,\"name\":\"Inicio\"}]},{\"@type\":\"WebSite\",\"@id\":\"https:\/\/mitsubishi-motors.com.co\/blog\/#website\",\"url\":\"https:\/\/mitsubishi-motors.com.co\/blog\/\",\"name\":\"Mitsubishi Motors | Blog\",\"description\":\"Informaci\u00f3n sobre nuestras camionetas, tips para cuidar el auto, playlists, recetas, planes, estilo de vida y m\u00e1s tem\u00e1ticas de inter\u00e9s para explorar\",\"publisher\":{\"@id\":\"https:\/\/mitsubishi-motors.com.co\/blog\/#organization\"},\"potentialAction\":[{\"@type\":\"SearchAction\",\"target\":{\"@type\":\"EntryPoint\",\"urlTemplate\":\"https:\/\/mitsubishi-motors.com.co\/blog\/?s={search_term_string}\"},\"query-input\":{\"@type\":\"PropertyValueSpecification\",\"valueRequired\":true,\"valueName\":\"search_term_string\"}}],\"inLanguage\":\"es-CO\"},{\"@type\":\"Organization\",\"@id\":\"https:\/\/mitsubishi-motors.com.co\/blog\/#organization\",\"name\":\"Mitsubishi Motors | Blog\",\"url\":\"https:\/\/mitsubishi-motors.com.co\/blog\/\",\"logo\":{\"@type\":\"ImageObject\",\"inLanguage\":\"es-CO\",\"@id\":\"https:\/\/mitsubishi-motors.com.co\/blog\/#\/schema\/logo\/image\/\",\"url\":\"https:\/\/mitsubishi-motors.com.co\/blog\/wp-content\/uploads\/2021\/11\/MT-v2.png\",\"contentUrl\":\"https:\/\/mitsubishi-motors.com.co\/blog\/wp-content\/uploads\/2021\/11\/MT-v2.png\",\"width\":150,\"height\":150,\"caption\":\"Mitsubishi Motors | Blog\"},\"image\":{\"@id\":\"https:\/\/mitsubishi-motors.com.co\/blog\/#\/schema\/logo\/image\/\"},\"sameAs\":[\"https:\/\/www.facebook.com\/MitsubishiMotorsColombia\/\",\"https:\/\/x.com\/Mitsubishi_Col\",\"https:\/\/www.instagram.com\/mitsubishimotorscolombia\/\",\"https:\/\/co.linkedin.com\/company\/motorysa?trk=public_jobs_topcard_logo\",\"https:\/\/www.youtube.com\/channel\/UCkYBGBBJ2MRD1Cw2WU1kXww\"]}]}<\/script>\n<!-- \/ Yoast SEO plugin. -->","yoast_head_json":{"title":"Mitsubishi Motors | Blog | Art\u00edculos de Inter\u00e9s","description":"Informaci\u00f3n sobre nuestras camionetas, tips para cuidar el auto, playlists, recetas, planes, estilo de vida y m\u00e1s tem\u00e1ticas de inter\u00e9s.","robots":{"index":"index","follow":"follow","max-snippet":"max-snippet:-1","max-image-preview":"max-image-preview:large","max-video-preview":"max-video-preview:-1"},"canonical":"https:\/\/mitsubishi-motors.com.co\/blog\/","og_locale":"es_ES","og_type":"article","og_title":"Mitsubishi Motors | Blog | Art\u00edculos de Inter\u00e9s","og_description":"Informaci\u00f3n sobre nuestras camionetas, tips para cuidar el auto, playlists, recetas, planes, estilo de vida y m\u00e1s tem\u00e1ticas de inter\u00e9s.","og_url":"https:\/\/mitsubishi-motors.com.co\/blog\/","og_site_name":"Mitsubishi Motors | Blog","article_publisher":"https:\/\/www.facebook.com\/MitsubishiMotorsColombia\/","article_modified_time":"2021-11-19T16:42:56+00:00","og_image":[{"width":1900,"height":1300,"url":"https:\/\/mitsubishi-motors.com.co\/blog\/wp-content\/uploads\/2021\/11\/logo-Mitsubishi.png","type":"image\/png"}],"twitter_card":"summary_large_image","twitter_title":"Mitsubishi Motors | Blog | Art\u00edculos de Inter\u00e9s","twitter_description":"Informaci\u00f3n sobre nuestras camionetas, tips para cuidar el auto, playlists, recetas, planes, estilo de vida y m\u00e1s tem\u00e1ticas de inter\u00e9s.","twitter_image":"https:\/\/mitsubishi-motors.com.co\/blog\/wp-content\/uploads\/2021\/11\/logo-Mitsubishi.png","twitter_site":"@Mitsubishi_Col","twitter_misc":{"Tiempo de lectura":"1 minuto"},"schema":{"@context":"https:\/\/schema.org","@graph":[{"@type":"WebPage","@id":"https:\/\/mitsubishi-motors.com.co\/blog\/","url":"https:\/\/mitsubishi-motors.com.co\/blog\/","name":"Mitsubishi Motors | Blog | Art\u00edculos de Inter\u00e9s","isPartOf":{"@id":"https:\/\/mitsubishi-motors.com.co\/blog\/#website"},"datePublished":"2016-12-28T18:02:07+00:00","dateModified":"2021-11-19T16:42:56+00:00","description":"Informaci\u00f3n sobre nuestras camionetas, tips para cuidar el auto, playlists, recetas, planes, estilo de vida y m\u00e1s tem\u00e1ticas de inter\u00e9s.","breadcrumb":{"@id":"https:\/\/mitsubishi-motors.com.co\/blog\/#breadcrumb"},"inLanguage":"es-CO","potentialAction":[{"@type":"ReadAction","target":["https:\/\/mitsubishi-motors.com.co\/blog\/"]}]},{"@type":"BreadcrumbList","@id":"https:\/\/mitsubishi-motors.com.co\/blog\/#breadcrumb","itemListElement":[{"@type":"ListItem","position":1,"name":"Inicio","item":"https:\/\/mitsubishi-motors.com.co\/blog\/"},{"@type":"ListItem","position":2,"name":"Inicio"}]},{"@type":"WebSite","@id":"https:\/\/mitsubishi-motors.com.co\/blog\/#website","url":"https:\/\/mitsubishi-motors.com.co\/blog\/","name":"Mitsubishi Motors | Blog","description":"Informaci\u00f3n sobre nuestras camionetas, tips para cuidar el auto, playlists, recetas, planes, estilo de vida y m\u00e1s tem\u00e1ticas de inter\u00e9s para explorar","publisher":{"@id":"https:\/\/mitsubishi-motors.com.co\/blog\/#organization"},"potentialAction":[{"@type":"SearchAction","target":{"@type":"EntryPoint","urlTemplate":"https:\/\/mitsubishi-motors.com.co\/blog\/?s={search_term_string}"},"query-input":{"@type":"PropertyValueSpecification","valueRequired":true,"valueName":"search_term_string"}}],"inLanguage":"es-CO"},{"@type":"Organization","@id":"https:\/\/mitsubishi-motors.com.co\/blog\/#organization","name":"Mitsubishi Motors | Blog","url":"https:\/\/mitsubishi-motors.com.co\/blog\/","logo":{"@type":"ImageObject","inLanguage":"es-CO","@id":"https:\/\/mitsubishi-motors.com.co\/blog\/#\/schema\/logo\/image\/","url":"https:\/\/mitsubishi-motors.com.co\/blog\/wp-content\/uploads\/2021\/11\/MT-v2.png","contentUrl":"https:\/\/mitsubishi-motors.com.co\/blog\/wp-content\/uploads\/2021\/11\/MT-v2.png","width":150,"height":150,"caption":"Mitsubishi Motors | Blog"},"image":{"@id":"https:\/\/mitsubishi-motors.com.co\/blog\/#\/schema\/logo\/image\/"},"sameAs":["https:\/\/www.facebook.com\/MitsubishiMotorsColombia\/","https:\/\/x.com\/Mitsubishi_Col","https:\/\/www.instagram.com\/mitsubishimotorscolombia\/","https:\/\/co.linkedin.com\/company\/motorysa?trk=public_jobs_topcard_logo","https:\/\/www.youtube.com\/channel\/UCkYBGBBJ2MRD1Cw2WU1kXww"]}]}},"_links":{"self":[{"href":"https:\/\/mitsubishi-motors.com.co\/blog\/wp-json\/wp\/v2\/pages\/7"}],"collection":[{"href":"https:\/\/mitsubishi-motors.com.co\/blog\/wp-json\/wp\/v2\/pages"}],"about":[{"href":"https:\/\/mitsubishi-motors.com.co\/blog\/wp-json\/wp\/v2\/types\/page"}],"author":[{"embeddable":true,"href":"https:\/\/mitsubishi-motors.com.co\/blog\/wp-json\/wp\/v2\/users\/1"}],"replies":[{"embeddable":true,"href":"https:\/\/mitsubishi-motors.com.co\/blog\/wp-json\/wp\/v2\/comments?post=7"}],"version-history":[{"count":2,"href":"https:\/\/mitsubishi-motors.com.co\/blog\/wp-json\/wp\/v2\/pages\/7\/revisions"}],"predecessor-version":[{"id":4398,"href":"https:\/\/mitsubishi-motors.com.co\/blog\/wp-json\/wp\/v2\/pages\/7\/revisions\/4398"}],"wp:attachment":[{"href":"https:\/\/mitsubishi-motors.com.co\/blog\/wp-json\/wp\/v2\/media?parent=7"}],"curies":[{"name":"wp","href":"https:\/\/api.w.org\/{rel}","templated":true}]}}